{"id":183,"date":"2023-08-22T16:01:06","date_gmt":"2023-08-22T14:01:06","guid":{"rendered":"https:\/\/www.troesch-partner.ch\/?page_id=183"},"modified":"2024-07-25T12:00:07","modified_gmt":"2024-07-25T10:00:07","slug":"performance","status":"publish","type":"page","link":"https:\/\/www.troesch-partner.ch\/en\/performance\/","title":{"rendered":"Performance"},"content":{"rendered":"<div class='flex_column_table av-4sis-ca79f07f985fd70a1408fa356ddb9060 sc-av_one_half av-break-at-tablet-flextable av-equal-height-column-flextable'>\n<style type=\"text\/css\" data-created_by=\"avia_inline_auto\" id=\"style-css-av-4sis-ca79f07f985fd70a1408fa356ddb9060\">\n.flex_column.av-4sis-ca79f07f985fd70a1408fa356ddb9060{\nborder-radius:0px 0px 0px 0px;\n}\n<\/style>\n<div class='flex_column av-4sis-ca79f07f985fd70a1408fa356ddb9060 av_one_half avia-builder-el-0 el_before_av_one_half avia-builder-el-first first no_margin av-break-at-tablet flex_column_table_cell av-equal-height-column av-align-top ' ><style type=\"text\/css\" data-created_by=\"avia_inline_auto\" id=\"style-css-av-llmdhl3c-736bb5f08ea11695c72ca79775fddf36\">\n#top .av-special-heading.av-llmdhl3c-736bb5f08ea11695c72ca79775fddf36{\npadding-bottom:10px;\n}\nbody .av-special-heading.av-llmdhl3c-736bb5f08ea11695c72ca79775fddf36 .av-special-heading-tag .heading-char{\nfont-size:25px;\n}\n.av-special-heading.av-llmdhl3c-736bb5f08ea11695c72ca79775fddf36 .av-subheading{\nfont-size:15px;\n}\n<\/style>\n<div id='d8cc91dd4056774295a94c534e8351a4' class='av-special-heading av-llmdhl3c-736bb5f08ea11695c72ca79775fddf36 av-special-heading-h1 blockquote modern-quote avia-builder-el-1 avia-builder-el-no-sibling '><h1 class='av-special-heading-tag ' itemprop=\"headline\" >Selected references <\/h1><div class=\"special-heading-border\"><div class=\"special-heading-inner-border\"><\/div><\/div><\/div><\/div>\n\n<style type=\"text\/css\" data-created_by=\"avia_inline_auto\" id=\"style-css-av-vwws-50a9b3ad843027af351c7f1a1b2cd46a\">\n.flex_column.av-vwws-50a9b3ad843027af351c7f1a1b2cd46a{\nborder-radius:0px 0px 0px 0px;\npadding:0px 0px 0px 0px;\n}\n<\/style>\n<div class='flex_column av-vwws-50a9b3ad843027af351c7f1a1b2cd46a av_one_half avia-builder-el-2 el_after_av_one_half el_before_av_one_full no_margin av-break-at-tablet flex_column_table_cell av-equal-height-column av-align-top av-zero-column-padding ' ><p>\n<style type=\"text\/css\" data-created_by=\"avia_inline_auto\" id=\"style-css-av-llnfdrkp-3d75af47aaa1e04fb0b08728d9241cbb\">\n#top .av-special-heading.av-llnfdrkp-3d75af47aaa1e04fb0b08728d9241cbb{\npadding-bottom:10px;\n}\nbody .av-special-heading.av-llnfdrkp-3d75af47aaa1e04fb0b08728d9241cbb .av-special-heading-tag .heading-char{\nfont-size:25px;\n}\n.av-special-heading.av-llnfdrkp-3d75af47aaa1e04fb0b08728d9241cbb .av-subheading{\nfont-size:15px;\n}\n<\/style>\n<div id='4dd9253bda6efac10e3ffe533db6e0c8' class='av-special-heading av-llnfdrkp-3d75af47aaa1e04fb0b08728d9241cbb av-special-heading-h3 blockquote modern-quote avia-builder-el-3 el_before_av_hr avia-builder-el-first '><h3 class='av-special-heading-tag ' itemprop=\"headline\" > It's been our privilege to deliver projects for many clients, some of whom we've been working with for more than 25 years. Close client relationships have become friendships. A selection of our past and present clients (in alphabetical order):<\/h3><div class=\"special-heading-border\"><div class=\"special-heading-inner-border\"><\/div><\/div><\/div><br \/>\n\n<style type=\"text\/css\" data-created_by=\"avia_inline_auto\" id=\"style-css-av-llnfdvml-3ee4917a6af75fc37f1049846db5d0cf\">\n#top .hr.hr-invisible.av-llnfdvml-3ee4917a6af75fc37f1049846db5d0cf{\nheight:100px;\n}\n<\/style>\n<div class='hr av-llnfdvml-3ee4917a6af75fc37f1049846db5d0cf hr-invisible avia-builder-el-4 el_after_av_heading avia-builder-el-last '><span class='hr-inner '><span class=\"hr-inner-style\"><\/span><\/span><\/div><\/p><\/div><\/div><!--close column table wrapper. Autoclose: 1 -->\n\n<style type=\"text\/css\" data-created_by=\"avia_inline_auto\" id=\"style-css-av-llmdix0l-64658d524e72982fbed69213c86cc9dd\">\n#top .flex_column.av-llmdix0l-64658d524e72982fbed69213c86cc9dd{\nmargin-top:0px;\nmargin-bottom:0px;\n}\n.flex_column.av-llmdix0l-64658d524e72982fbed69213c86cc9dd{\nborder-radius:0px 0px 0px 0px;\npadding:0px 0px 0px 0px;\nbackground-color:#000000;\n}\n.responsive #top #wrap_all .flex_column.av-llmdix0l-64658d524e72982fbed69213c86cc9dd{\nmargin-top:0px;\nmargin-bottom:0px;\n}\n<\/style>\n<div class='flex_column av-llmdix0l-64658d524e72982fbed69213c86cc9dd av_one_full avia-builder-el-5 el_after_av_one_half el_before_av_hr front first flex_column_div av-zero-column-padding column-top-margin' ><p>\n<style type=\"text\/css\" data-created_by=\"avia_inline_auto\" id=\"style-css-av-llmdincm-bdeab94ca0836c5e5acffe4be8b1e220\">\n#top .av_textblock_section.av-llmdincm-bdeab94ca0836c5e5acffe4be8b1e220 .avia_textblock{\ncolor:#ffffff;\n}\n<\/style>\n<section class='av_textblock_section av-llmdincm-bdeab94ca0836c5e5acffe4be8b1e220 ' itemscope=\"itemscope\" itemtype=\"https:\/\/schema.org\/CreativeWork\" ><div class='avia_textblock av_inherit_color' itemprop=\"text\" ><p>Adecco \/ Affentranger Associates \/ Allianz \/ Allreal \/ Amag \/ Arbonia \/ Ascom \/ Axa \/ Axpo \/ Bachem \/ Baker McKenzie \/ Bank Vontobel \/ Barry Callebaut \/ Belimo \/ Bindella \/ Burckhardt Compression \/ BVZ Holding \/ Credit Suisse \/ Die Schweizerische Post \/ DKSH \/ Dorma Kaba \/ EKZ \/ Embraport \/ Emil Frey \/ Fogal \/ Forbo \/ Geberit \/ Generali \/ Globus \/ HarbourClub \/ HIAG \/ Immobilien B\u00f6rse \/ Implenia \/ IR Club Schweiz \/ IVF Hartmann \/ Jungfraubahn Holding \/ Kloster St. Johann, M\u00fcstair \/ Komax \/ Kunsthaus Z\u00fcrich \/ Lonza \/ Mobimo \/ OC Oerlikon \/ Peach Property \/ Pensimo \/ Rieter \/ Roche \/ Sant\u00e9suisse \/ Schweizerische Eidgenossenschaft (BABS) \/ SFS Group\/ SGS Soci\u00e9t\u00e9 G\u00e9n\u00e9rale de Surveillance \/ Sika \/ SPG Intercity \/ Stiftung RgZ \/ Studio Achermann \/ Sulzer Medica \/ Suissetec \/ Suva \/ Swisscom \/ Swiss Graphic Design Foundation \/ Swiss Life \/ Swiss Marketing \/ Swiss Prime Site \/ UBS \/ Valiant Bank \/ VAT Group \/ Warteck Invest \/ Zehnder Group \/ ZFV Unternehmungen \/ Z\u00fcblin \/ Z\u00fcrcher Freilager \/ Z\u00fcrich Insurance<\/p>\n<\/div><\/section><br \/>\n\n<style type=\"text\/css\" data-created_by=\"avia_inline_auto\" id=\"style-css-av-llnfeh9x-6ec561270ad3b2c54c7384f8dc5a9a10\">\n#top .hr.hr-invisible.av-llnfeh9x-6ec561270ad3b2c54c7384f8dc5a9a10{\nheight:100px;\n}\n<\/style>\n<div class='hr av-llnfeh9x-6ec561270ad3b2c54c7384f8dc5a9a10 hr-invisible avia-builder-el-7 el_after_av_textblock avia-builder-el-last '><span class='hr-inner '><span class=\"hr-inner-style\"><\/span><\/span><\/div><\/p><\/div>\n\n<style type=\"text\/css\" data-created_by=\"avia_inline_auto\" id=\"style-css-av-llniddqn-65cdc062d0e41e59938685854effd2f3\">\n#top .hr.hr-invisible.av-llniddqn-65cdc062d0e41e59938685854effd2f3{\nheight:50px;\n}\n<\/style>\n<div class='hr av-llniddqn-65cdc062d0e41e59938685854effd2f3 hr-invisible avia-builder-el-8 el_after_av_one_full avia-builder-el-last '><span class='hr-inner '><span class=\"hr-inner-style\"><\/span><\/span><\/div>\n","protected":false},"excerpt":{"rendered":"","protected":false},"author":2,"featured_media":0,"parent":0,"menu_order":0,"comment_status":"closed","ping_status":"closed","template":"","meta":{"footnotes":""},"class_list":["post-183","page","type-page","status-publish","hentry"],"_links":{"self":[{"href":"https:\/\/www.troesch-partner.ch\/en\/wp-json\/wp\/v2\/pages\/183","targetHints":{"allow":["GET"]}}],"collection":[{"href":"https:\/\/www.troesch-partner.ch\/en\/wp-json\/wp\/v2\/pages"}],"about":[{"href":"https:\/\/www.troesch-partner.ch\/en\/wp-json\/wp\/v2\/types\/page"}],"author":[{"embeddable":true,"href":"https:\/\/www.troesch-partner.ch\/en\/wp-json\/wp\/v2\/users\/2"}],"replies":[{"embeddable":true,"href":"https:\/\/www.troesch-partner.ch\/en\/wp-json\/wp\/v2\/comments?post=183"}],"version-history":[{"count":7,"href":"https:\/\/www.troesch-partner.ch\/en\/wp-json\/wp\/v2\/pages\/183\/revisions"}],"predecessor-version":[{"id":335,"href":"https:\/\/www.troesch-partner.ch\/en\/wp-json\/wp\/v2\/pages\/183\/revisions\/335"}],"wp:attachment":[{"href":"https:\/\/www.troesch-partner.ch\/en\/wp-json\/wp\/v2\/media?parent=183"}],"curies":[{"name":"wp","href":"https:\/\/api.w.org\/{rel}","templated":true}]}}